{"id":342,"date":"2026-03-14T02:38:36","date_gmt":"2026-03-14T02:38:36","guid":{"rendered":"https:\/\/laviree.quebec\/Site\/?page_id=342"},"modified":"2026-03-14T03:04:47","modified_gmt":"2026-03-14T03:04:47","slug":"collection","status":"publish","type":"page","link":"https:\/\/laviree.quebec\/Site\/collection\/","title":{"rendered":"Collection"},"content":{"rendered":"\n\n\n\nLes objets de collection tendances\n\n<span style=\"font-size:12.0pt;line-height:115%;\nfont-family:&quot;Aptos&quot;,sans-serif;mso-ascii-theme-font:minor-latin;mso-fareast-font-family:\nAptos;mso-fareast-theme-font:minor-latin;mso-hansi-theme-font:minor-latin;\nmso-bidi-font-family:&quot;Times New Roman&quot;;mso-bidi-theme-font:minor-bidi;\nmso-ansi-language:FR-CA;mso-fareast-language:EN-US;mso-bidi-language:AR-SA\">Choisir une collection et choisir des objets qui en feront parti proviennent souvent d&rsquo;une passion ou d&rsquo;un souvenir marquant de notre existence.<\/span><div><span style=\"font-size:12.0pt;line-height:115%;\nfont-family:&quot;Aptos&quot;,sans-serif;mso-ascii-theme-font:minor-latin;mso-fareast-font-family:\nAptos;mso-fareast-theme-font:minor-latin;mso-hansi-theme-font:minor-latin;\nmso-bidi-font-family:&quot;Times New Roman&quot;;mso-bidi-theme-font:minor-bidi;\nmso-ansi-language:FR-CA;mso-fareast-language:EN-US;mso-bidi-language:AR-SA\"><br><\/span><\/div><div><span style=\"font-size:12.0pt;line-height:115%;\nfont-family:&quot;Aptos&quot;,sans-serif;mso-ascii-theme-font:minor-latin;mso-fareast-font-family:\nAptos;mso-fareast-theme-font:minor-latin;mso-hansi-theme-font:minor-latin;\nmso-bidi-font-family:&quot;Times New Roman&quot;;mso-bidi-theme-font:minor-bidi;\nmso-ansi-language:FR-CA;mso-fareast-language:EN-US;mso-bidi-language:AR-SA\">Les cat\u00e9gories de collection phares actuelles observ\u00e9es sont les suivantes :<\/span><\/div>\n\n<ul style=\"margin-top:0cm\" type=\"disc\">\n <li class=\"MsoNormal\"><strong>Jouets\n     d&rsquo;Art et Tendances :<\/strong> Les figurines (robots) sont extr\u00eamement\n     populaires de m\u00eame que les jouets en m\u00e9tal anciens (camions).<br><o:p><\/o:p><\/li>\n<\/ul>\n<ul style=\"margin-top:0cm\" type=\"disc\">\n <li class=\"MsoNormal\"><strong><br><strong>Culture\n     Pop et Nostalgie :<\/strong><\/strong> Les figurines vintage comme Star Wars et les Transformers\n     restent des choix de premier ordre.&nbsp;<o:p><\/o:p><\/li>\n<\/ul>\n\n\n<ul style=\"margin-top:0cm\" type=\"disc\">\n <li class=\"MsoNormal\"><ul style=\"margin-top:0cm\" type=\"disc\">\n <li class=\"MsoNormal\"><strong>Publicit\u00e9\n     et Advertising :<\/strong> Les pancartes et produits p\u00e9troliers, brassicole et\n     de boissons gazeuses (particuli\u00e8rement les produits Coca-Cola)\n     maintiennent la cote.&nbsp;<o:p><\/o:p><\/li>\n<\/ul><o:p><\/o:p><\/li>\n<\/ul>\n<ul style=\"margin-top:0cm\" type=\"disc\">\n <li class=\"MsoNormal\"><br><ul style=\"margin-top: 0cm;\" type=\"disc\">\n <li class=\"MsoNormal\" style=\"\"><strong style=\"font-weight: bold;\">Cartes\n     \u00e0 Collectionner :<\/strong> Les cartes Pok\u00e9mon (d\u00e9j\u00e0 30 ans !) et Magic, les cartes\n     sportives continuent de dominer des march\u00e9s solidement ancr\u00e9s.<strong><o:p><\/o:p><\/strong><\/li>\n<\/ul><o:p><\/o:p><\/li>\n<\/ul>\n\n\n<ul style=\"margin-top:0cm\" type=\"disc\">\n <li class=\"MsoNormal\"><ul style=\"margin-top:0cm\" type=\"disc\">\n <li class=\"MsoNormal\"><b>M\u00e9dias\n     et High-Tech R\u00e9tro :<\/b> Les jeux vid\u00e9o r\u00e9tro, les anciennes consoles et\n     les vinyles connaissent une forte demande port\u00e9e par la nostalgie.&nbsp; L\u2019utilisation d\u2019appareils photos comme\n     \u00e9l\u00e9ment de d\u00e9cor est toujours actuel&nbsp;<o:p><\/o:p><\/li>\n<\/ul><o:p><\/o:p><\/li>\n<\/ul>\n<ul style=\"margin-top:0cm\" type=\"disc\">\n <li class=\"MsoNormal\"><br><ul style=\"margin-top: 0cm;\" type=\"disc\">\n <li class=\"MsoNormal\" style=\"\"><ul style=\"margin-top: 0cm;\" type=\"disc\">\n <li class=\"MsoNormal\" style=\"\"><strong style=\"font-weight: bold;\">Style\n     Art D\u00e9co.<\/strong> Toujours pr\u00e9sent la d\u00e9coration, avec une forte demande pour\n     les luminaires et objets chrom\u00e9s des ann\u00e9es 1920-30.<strong><o:p><\/o:p><\/strong><\/li>\n<\/ul><\/li>\n<\/ul><o:p><\/o:p><\/li>\n<\/ul>\n\n\n<ul style=\"margin-top:0cm\" type=\"disc\">\n <li class=\"MsoNormal\"><ul style=\"margin-top:0cm\" type=\"disc\">\n <li class=\"MsoNormal\"><ul style=\"margin-top:0cm\" type=\"disc\">\n <li class=\"MsoNormal\"><strong>Brocante\n     et Vintage :<\/strong> Des objets uniques comme la fonte ancienne, les outils et\n     la verrerie vintage sont tr\u00e8s pris\u00e9s sur les march\u00e9s de seconde main.<o:p><\/o:p><\/li>\n<\/ul><\/li>\n<\/ul><o:p><\/o:p><\/li>\n<\/ul>\n<ul style=\"margin-top:0cm\" type=\"disc\">\n <li class=\"MsoNormal\"><br><ul style=\"margin-top: 0cm;\" type=\"disc\">\n <li class=\"MsoNormal\" style=\"\"><ul style=\"margin-top: 0cm;\" type=\"disc\">\n <li class=\"MsoNormal\" style=\"\"><strong style=\"font-weight: bold;\">Souvenirs\n     (particuli\u00e8rement Americana) :<\/strong> Des articles de niche sp\u00e9cifiques, tels\n     que les souvenirs politiques, les plaques d\u2019immatriculation et les\n     magazines rares.&nbsp;<strong><o:p><\/o:p><\/strong><\/li>\n<\/ul><\/li>\n<\/ul><o:p><\/o:p><\/li>\n<\/ul>\n\n\n<ul style=\"margin-top:0cm\" type=\"disc\">\n <li class=\"MsoNormal\"><ul style=\"margin-top:0cm\" type=\"disc\">\n <li class=\"MsoNormal\"><ul style=\"margin-top:0cm\" type=\"disc\">\n <li class=\"MsoNormal\"><strong><span style=\"font-size:12.0pt;line-height:115%;\nfont-family:&quot;Aptos&quot;,sans-serif;mso-ascii-theme-font:minor-latin;mso-fareast-font-family:\nAptos;mso-fareast-theme-font:minor-latin;mso-hansi-theme-font:minor-latin;\nmso-bidi-font-family:&quot;Times New Roman&quot;;mso-bidi-theme-font:minor-bidi;\nmso-ansi-language:FR-CA;mso-fareast-language:EN-US;mso-bidi-language:AR-SA\"><strong>Luxe\net Pr\u00eat-\u00e0-porter <\/strong>:<\/span><\/strong><span style=\"font-size:12.0pt;line-height:115%;\nfont-family:&quot;Aptos&quot;,sans-serif;mso-ascii-theme-font:minor-latin;mso-fareast-font-family:\nAptos;mso-fareast-theme-font:minor-latin;mso-hansi-theme-font:minor-latin;\nmso-bidi-font-family:&quot;Times New Roman&quot;;mso-bidi-theme-font:minor-bidi;\nmso-ansi-language:FR-CA;mso-fareast-language:EN-US;mso-bidi-language:AR-SA\"> Les\nbaskets et les v\u00eatements griff\u00e9s usag\u00e9s constituent une cat\u00e9gorie majeure pour\nles jeunes acheteurs<\/span><\/li>\n<\/ul><\/li>\n<\/ul><o:p><\/o:p><\/li>\n<\/ul>\n<ul style=\"margin-top:0cm\" type=\"disc\">\n <li class=\"MsoNormal\"><strong><ul style=\"margin-top:0cm\" type=\"disc\"><li class=\"MsoNormal\"><ul style=\"margin-top:0cm\" type=\"disc\"><li class=\"MsoNormal\"><br><br>Quel est votre passion ?&nbsp; \u00c9crivez-nous \u00e0 info@laviree.quebec, nous pourrions vous aider \u00e0 d\u00e9nicher la perle recherch\u00e9e !<\/li>\n<\/ul><\/li>\n<\/ul><\/strong><o:p><\/o:p><\/li>\n<\/ul>\n\n\n\n<p style=\"font-family:roboto;line-height:2;font-size:14px;font-weight:400;color:#ACACAC\"><span style=\"color: rgb(10, 10, 10); font-family: &quot;Google Sans&quot;, Arial, sans-serif; font-size: 16px; font-style: inherit; font-variant-ligatures: inherit; font-variant-caps: inherit; font-weight: inherit;\">Chaque passion&#8230; chaque collection a un nom.&nbsp; Consultez la liste des collections&nbsp; sur WikiPedia pour conna\u00eetre la v\u00f4tre !<\/span><\/p><p style=\"line-height: 2;\"><br><\/p>\n\n\n<p style=\"line-height: 2; font-weight: 400;\"><font color=\"#0a0a0a\" face=\"Google Sans, Arial, sans-serif\">..<\/font><\/p>\n\n\n<p><font color=\"#0a0a0a\" face=\"Google Sans, Arial, sans-serif\">&#8230;<\/font><\/p>\n\n\n\n<p><br><\/p>\n\n\n\n","protected":false},"excerpt":{"rendered":"","protected":false},"author":2,"featured_media":0,"parent":0,"menu_order":0,"comment_status":"closed","ping_status":"closed","template":"","meta":{"pagelayer_contact_templates":[],"_pagelayer_content":"","footnotes":""},"class_list":["post-342","page","type-page","status-publish","hentry"],"_links":{"self":[{"href":"https:\/\/laviree.quebec\/Site\/wp-json\/wp\/v2\/pages\/342","targetHints":{"allow":["GET"]}}],"collection":[{"href":"https:\/\/laviree.quebec\/Site\/wp-json\/wp\/v2\/pages"}],"about":[{"href":"https:\/\/laviree.quebec\/Site\/wp-json\/wp\/v2\/types\/page"}],"author":[{"embeddable":true,"href":"https:\/\/laviree.quebec\/Site\/wp-json\/wp\/v2\/users\/2"}],"replies":[{"embeddable":true,"href":"https:\/\/laviree.quebec\/Site\/wp-json\/wp\/v2\/comments?post=342"}],"version-history":[{"count":9,"href":"https:\/\/laviree.quebec\/Site\/wp-json\/wp\/v2\/pages\/342\/revisions"}],"predecessor-version":[{"id":353,"href":"https:\/\/laviree.quebec\/Site\/wp-json\/wp\/v2\/pages\/342\/revisions\/353"}],"wp:attachment":[{"href":"https:\/\/laviree.quebec\/Site\/wp-json\/wp\/v2\/media?parent=342"}],"curies":[{"name":"wp","href":"https:\/\/api.w.org\/{rel}","templated":true}]}}