{"id":49,"date":"2025-06-10T02:21:57","date_gmt":"2025-06-10T02:21:57","guid":{"rendered":"https:\/\/laviree.quebec\/Site\/home\/"},"modified":"2026-03-24T00:57:27","modified_gmt":"2026-03-24T00:57:27","slug":"home","status":"publish","type":"page","link":"https:\/\/laviree.quebec\/Site\/","title":{"rendered":"Accueil"},"content":{"rendered":"\n\n\n\n<span style=\"background-color: rgb(0, 0, 0);\">La Vir\u00e9e dans l&rsquo;Temps est actuellement<\/span>\n\n<p>\u00e0 la recherch<span style=\"background-color:#000000;\"><span style=\"\"><\/span><\/span>e d&rsquo;un site dans les cantons de l&rsquo;est&nbsp;<\/p>\n\n<h6><strong style=\"background-color: rgb(0, 0, 0);\">Revenez r\u00e9guli\u00e8rement pour \u00eatre inform\u00e9 !!<\/strong><\/h6>\n\n\n\n\n\n\n\nNous conna\u00eetre\n\n\n\n\n\n\n\n\nUne visite \u00e0 la Vir\u00e9e\n\n\n\n\nArticles disponibles (vente\n\n\n\n\nLocation de boutique\n\n\n\n\n\nAchat de vos tr\u00e9sors\n\n\n\n\n\n\n\n\nAvancez de quelques pas,\n\n\n<p> retournez dans le temps<\/p>\n\n\n\n<p [object NamedNodeMap]><span style=\"background-color: rgb(255, 255, 255); font-family: -apple-system, BlinkMacSystemFont, &quot;Segoe UI&quot;, Roboto, Oxygen-Sans, Ubuntu, Cantarell, &quot;Helvetica Neue&quot;, sans-serif; font-size: 18px;\">\u00a0La\u00a0<\/span><span style=\"background-color: rgb(255, 255, 255); font-family: -apple-system, BlinkMacSystemFont, &quot;Segoe UI&quot;, Roboto, Oxygen-Sans, Ubuntu, Cantarell, &quot;Helvetica Neue&quot;, sans-serif; font-size: 18px;\">Vir\u00e9e Dans l\u2019Temps c\u2019est une promenade ou un voyage que l\u2019on fait pour se distraire et d\u00e9couvrir des meubles et articles de d\u2019autres \u00e9poques. Que se soit parce que l\u2019on veut d\u00e9corer son foyer ou simplement collectionner, LVDT c\u2019est un march\u00e9 qui regroupe plusieurs vendeurs qui vous apportent hebdomadairement des pi\u00e8ces uniques que vous saurez appr\u00e9cier.<\/span><span style=\"color: rgb(255, 255, 255); font-size: 14px;\">\u00a0<\/span><\/p>\n\n\n\n\n\n\n\nCat\u00e9gories des produits disponibles\n\n\n\n<p><span style=\"font-size: 14px;\">Parfois petits, parfois plus grands, ils sauront t\u00e9moigner de notre pass\u00e9 et de notre patrimoine tout en se distinguant.<\/span><span style=\"font-size: 14px;\"><\/span><\/p>\n\n\n<p><span style=\"font-size: 14px;\">La vari\u00e9t\u00e9 de meubles offerte \u00e0 la Vir\u00e9e provient de plusieurs \u00e9poques.&nbsp; En plus de continuer \u00e0 remplir leur r\u00f4le, ils demeurent des t\u00e9moins du pass\u00e9.<\/span><\/p>\n\n\n<p><span style=\"font-size: 14px;\">La Vir\u00e9e fera vire l&rsquo;\u00e9volution de la d\u00e9coration \u00e0 travers les \u00e9poques en offrant des pi\u00e8ces coup de coeurs pour nos clients passionn\u00e9s.<\/span><\/p>\n\n\n\n\n<span style=\"font-size: 14px;\"><br><\/span>\n\n<p><span style=\"font-size: 14px;\">Seulement des articles authentiques provenant de la bonne \u00e9poque avec parfois une touche d&rsquo;excentricit\u00e9.<\/span><\/p>\n\n\n<p><span style=\"font-size: 14px;\">Parfois comme hobby, souvent par passion, le collectionneur trouvera des pi\u00e8ces uniques certainement \u00e0 bons prix.<\/span><\/p>\n\n\n<p><span style=\"font-size: 14px;\">Des articles cr\u00e9\u00e9s par des artisans ancr\u00e9s en Estrie qui d\u00e9sirent faire conna\u00eetre leur savoir-faire et leur cr\u00e9ativit\u00e9.<\/span><\/p>\n\n\n\n\n\n\nT\u00e9moignages de notre client\u00e8le\n\n\n\n\n<p><span style=\"font-size: 14px;\">Les boutiques sont bien pr\u00e9sent\u00e9es et ordonn\u00e9es.<\/span><\/p><p><span style=\"font-size: 14px;\">La pr\u00e9sentation est soign\u00e9e.<\/span><\/p><p><span style=\"font-size: 14px;\">Il est agr\u00e9able de d\u00e9couvrir les articles disponibles.<\/span><\/p><p><span style=\"font-size: 14px;\">Nous y revenons r\u00e9guli\u00e8rement.&nbsp;&nbsp;<\/span><\/p><span style=\"font-family: Arial, Helvetica, sans-serif;\"><font color=\"#707070\"><\/font><\/span>\n\n\n\n\n<p><span style=\"font-size: 14px;\">J&rsquo;adore explorez les boutiques de la Vir\u00e9e en compagnie de mes petits enfants.<\/span><\/p><p><span style=\"font-size: 14px;\">Je peux leur partager mes souvenirs de jeunesse.<\/span><\/p><p><span style=\"font-size: 14px;\">La Vir\u00e9e, c&rsquo;est du pur bonheur !<\/span><\/p><p><span style=\"font-size: 14px;\"><br><\/span><\/p><span style=\"font-family: Arial, Helvetica, sans-serif;\"><font color=\"#707070\"><\/font><\/span>\n\n\n\n\n<p><span style=\"font-size: 14px;\">A la Vir\u00e9e, ma fille a d\u00e9couvert les figurines de th\u00e9 Red rose.&nbsp;&nbsp;<\/span><\/p><p><span style=\"font-size: 14px;\">Sa passion de collectionner prend tout son sens \u00e0 chacune de nos visites.<\/span><\/p><span style=\"font-family: Arial, Helvetica, sans-serif;\"><font color=\"#707070\"><\/font><\/span>\n\n\n\n\n\n\n\n\nProduits vedettes\n\n\n\n\n\n\nMagnifique poste-radio ayant servi \u00e0 distraire les soldats \u00e0 leur retour \u00e0 la maison.<p>Fonctionnel &#8211; Bande AM seulement&nbsp; &nbsp; &nbsp;<span style=\"font-family: inherit; font-size: inherit; font-style: inherit; font-variant-ligatures: inherit; font-variant-caps: inherit; font-weight: inherit;\">Prix: 100$<\/span><\/p>\n\n\nL&rsquo;ensemble est unique par sa couleur, son style et sa condition.&nbsp; Directement des ann\u00e9es 50, le bar est vendu accompagn\u00e9 de 3 bancs et d&rsquo;une biblioth\u00e8que assortie.&nbsp;<div><strong><br><\/strong><\/div><div><strong>Prix de l&rsquo;ensemble 550$<\/strong>.<\/div>\n\n\nEnti\u00e8rement peint sur bois.&nbsp; Le cadre est \u00e9galement en bois.&nbsp; La taille 17 x 33 pouces.&nbsp; Production vers 1980<div><br><\/div><div><br><\/div><div>Prix: 90$<\/div>\n\n\nPi\u00e8ce unique provenant possiblement d&rsquo;un h\u00f4tel r\u00e9put\u00e9 CN ou CP.<div>Hauteur: 22 pouces<\/div><div><br><\/div><div><br><\/div><div>Prix 100$<\/div>\n\n\n\n\nMagnifique r\u00e9plique en fonte d&rsquo;un canon.&nbsp; Fabriqu\u00e9 vers les ann\u00e9es 60.<div><br><\/div><div><br><\/div>\n\n\nAutographes v\u00e9ritables par tous les joueurs de l&rsquo;\u00e9quipe de Su\u00e8de, notamment Nicklas Backstrom<div><br><\/div><div>Prix: 80$<\/div>\n\n\nPancarte illumin\u00e9e de la cie qu\u00e9b\u00e9coises Bor\u00e9ale.&nbsp;&nbsp;<div>Dimension 20 X 12 pouces.<\/div><div><br><\/div>\n\n\nMagnifique et surprenante pi\u00e8ce de d\u00e9coration.&nbsp; Non-sign\u00e9e.<div><br><\/div><div><br><\/div>\n\n\n","protected":false},"excerpt":{"rendered":"","protected":false},"author":2,"featured_media":0,"parent":0,"menu_order":0,"comment_status":"closed","ping_status":"closed","template":"","meta":{"pagelayer_contact_templates":[],"_pagelayer_content":"","footnotes":""},"class_list":["post-49","page","type-page","status-publish","hentry"],"_links":{"self":[{"href":"https:\/\/laviree.quebec\/Site\/wp-json\/wp\/v2\/pages\/49","targetHints":{"allow":["GET"]}}],"collection":[{"href":"https:\/\/laviree.quebec\/Site\/wp-json\/wp\/v2\/pages"}],"about":[{"href":"https:\/\/laviree.quebec\/Site\/wp-json\/wp\/v2\/types\/page"}],"author":[{"embeddable":true,"href":"https:\/\/laviree.quebec\/Site\/wp-json\/wp\/v2\/users\/2"}],"replies":[{"embeddable":true,"href":"https:\/\/laviree.quebec\/Site\/wp-json\/wp\/v2\/comments?post=49"}],"version-history":[{"count":114,"href":"https:\/\/laviree.quebec\/Site\/wp-json\/wp\/v2\/pages\/49\/revisions"}],"predecessor-version":[{"id":428,"href":"https:\/\/laviree.quebec\/Site\/wp-json\/wp\/v2\/pages\/49\/revisions\/428"}],"wp:attachment":[{"href":"https:\/\/laviree.quebec\/Site\/wp-json\/wp\/v2\/media?parent=49"}],"curies":[{"name":"wp","href":"https:\/\/api.w.org\/{rel}","templated":true}]}}